{"id":6867,"date":"2021-04-19T21:32:07","date_gmt":"2021-04-19T21:32:07","guid":{"rendered":"https:\/\/jessiezhourealestate.com\/?page_id=6867"},"modified":"2021-04-19T21:54:52","modified_gmt":"2021-04-19T21:54:52","slug":"blog","status":"publish","type":"page","link":"https:\/\/jessiezhourealestate.com\/index.php\/blog\/","title":{"rendered":"\u6d1b\u6749\u77f6\u6700\u70ed\u95e8\u6295\u8d44\u5730\u533a \u5c14\u6e7e\u79f0\u738b\u5f53\u4e4b\u65e0\u6127"},"content":{"rendered":"\t\t<div data-elementor-type=\"wp-page\" data-elementor-id=\"6867\" class=\"elementor elementor-6867\">\n\t\t\t\t\t\t<section class=\"elementor-section elementor-top-section elementor-element elementor-element-551419d elementor-section-full_width elementor-section-height-default elementor-section-height-default\" data-id=\"551419d\" data-element_type=\"section\" data-e-type=\"section\">\n\t\t\t\t\t\t<div class=\"elementor-container elementor-column-gap-no\">\n\t\t\t\t\t<div class=\"elementor-column elementor-col-100 elementor-top-column elementor-element elementor-element-cb57db7\" data-id=\"cb57db7\" data-element_type=\"column\" data-e-type=\"column\">\n\t\t\t<div class=\"elementor-widget-wrap elementor-element-populated\">\n\t\t\t\t\t\t<div class=\"elementor-element elementor-element-fc2112c elementor-widget elementor-widget-image\" data-id=\"fc2112c\" data-element_type=\"widget\" data-e-type=\"widget\" data-widget_type=\"image.default\">\n\t\t\t\t<div class=\"elementor-widget-container\">\n\t\t\t\t\t\t\t\t\t\t\t\t\t\t\t<img fetchpriority=\"high\" decoding=\"async\" width=\"2432\" height=\"357\" src=\"https:\/\/jessiezhourealestate.com\/wp-content\/uploads\/2021\/04\/111111.jpg\" class=\"attachment-full size-full wp-image-6890\" alt=\"\" srcset=\"https:\/\/jessiezhourealestate.com\/wp-content\/uploads\/2021\/04\/111111.jpg 2432w, https:\/\/jessiezhourealestate.com\/wp-content\/uploads\/2021\/04\/111111-300x44.jpg 300w, https:\/\/jessiezhourealestate.com\/wp-content\/uploads\/2021\/04\/111111-1024x150.jpg 1024w, https:\/\/jessiezhourealestate.com\/wp-content\/uploads\/2021\/04\/111111-768x113.jpg 768w, https:\/\/jessiezhourealestate.com\/wp-content\/uploads\/2021\/04\/111111-1536x225.jpg 1536w, https:\/\/jessiezhourealestate.com\/wp-content\/uploads\/2021\/04\/111111-2048x301.jpg 2048w, https:\/\/jessiezhourealestate.com\/wp-content\/uploads\/2021\/04\/111111-24x4.jpg 24w, https:\/\/jessiezhourealestate.com\/wp-content\/uploads\/2021\/04\/111111-36x5.jpg 36w, https:\/\/jessiezhourealestate.com\/wp-content\/uploads\/2021\/04\/111111-48x7.jpg 48w\" sizes=\"(max-width: 2432px) 100vw, 2432px\" \/>\t\t\t\t\t\t\t\t\t\t\t\t\t\t\t<\/div>\n\t\t\t\t<\/div>\n\t\t\t\t\t<\/div>\n\t\t<\/div>\n\t\t\t\t\t<\/div>\n\t\t<\/section>\n\t\t\t\t<section class=\"elementor-section elementor-top-section elementor-element elementor-element-9dddb6b elementor-section-boxed elementor-section-height-default elementor-section-height-default\" data-id=\"9dddb6b\" data-element_type=\"section\" data-e-type=\"section\">\n\t\t\t\t\t\t<div class=\"elementor-container elementor-column-gap-default\">\n\t\t\t\t\t<div class=\"elementor-column elementor-col-100 elementor-top-column elementor-element elementor-element-5d79b34\" data-id=\"5d79b34\" data-element_type=\"column\" data-e-type=\"column\">\n\t\t\t<div class=\"elementor-widget-wrap elementor-element-populated\">\n\t\t\t\t\t\t<div class=\"elementor-element elementor-element-8be3409 elementor-grid-3 elementor-grid-tablet-2 elementor-grid-mobile-1 elementor-posts--thumbnail-top elementor-widget elementor-widget-posts\" data-id=\"8be3409\" data-element_type=\"widget\" data-e-type=\"widget\" data-settings=\"{&quot;classic_columns&quot;:&quot;3&quot;,&quot;classic_columns_tablet&quot;:&quot;2&quot;,&quot;classic_columns_mobile&quot;:&quot;1&quot;,&quot;classic_row_gap&quot;:{&quot;unit&quot;:&quot;px&quot;,&quot;size&quot;:35,&quot;sizes&quot;:[]}}\" data-widget_type=\"posts.classic\">\n\t\t\t\t<div class=\"elementor-widget-container\">\n\t\t\t\t\t\t\t<div class=\"elementor-posts-container elementor-posts elementor-posts--skin-classic elementor-grid\">\n\t\t\t\t<article class=\"elementor-post elementor-grid-item post-12365 post type-post status-publish format-standard hentry category-public\">\n\t\t\t\t<div class=\"elementor-post__text\">\n\t\t\t\t<h1 class=\"elementor-post__title\">\n\t\t\t<a href=\"https:\/\/jessiezhourealestate.com\/index.php\/2026\/04\/16\/the-ultimate-guide-to-understanding-gambling-with-2\/\" target=\"_blank\">\n\t\t\t\tThe ultimate guide to understanding gambling with FastPay casino\t\t\t<\/a>\n\t\t<\/h1>\n\t\t\t\t<div class=\"elementor-post__meta-data\">\n\t\t\t\t\t<span class=\"elementor-post-date\">\n\t\t\tApril 16, 2026\t\t<\/span>\n\t\t\t\t<span class=\"elementor-post-avatar\">\n\t\t\tNo Comments\t\t<\/span>\n\t\t\t\t<\/div>\n\t\t\t\t<div class=\"elementor-post__excerpt\">\n\t\t\t<p>The ultimate guide to understanding gambling with FastPay casino Understanding the<\/p>\n\t\t<\/div>\n\t\t\t\t\t<a class=\"elementor-post__read-more\" href=\"https:\/\/jessiezhourealestate.com\/index.php\/2026\/04\/16\/the-ultimate-guide-to-understanding-gambling-with-2\/\" target=\"_blank\">\n\t\t\t\tRead More \u00bb\t\t\t<\/a>\n\t\t\t\t<\/div>\n\t\t\t\t<\/article>\n\t\t\t\t<article class=\"elementor-post elementor-grid-item post-12363 post type-post status-publish format-standard hentry category-uncategorized\">\n\t\t\t\t<div class=\"elementor-post__text\">\n\t\t\t\t<h1 class=\"elementor-post__title\">\n\t\t\t<a href=\"https:\/\/jessiezhourealestate.com\/index.php\/2026\/04\/15\/finest-tested-sites-to-deposit-online-casino-10-play-with-50-have-2026\/\" target=\"_blank\">\n\t\t\t\tFinest Tested Sites to deposit online casino 10 play with 50 have 2026\t\t\t<\/a>\n\t\t<\/h1>\n\t\t\t\t<div class=\"elementor-post__meta-data\">\n\t\t\t\t\t<span class=\"elementor-post-date\">\n\t\t\tApril 15, 2026\t\t<\/span>\n\t\t\t\t<span class=\"elementor-post-avatar\">\n\t\t\tNo Comments\t\t<\/span>\n\t\t\t\t<\/div>\n\t\t\t\t<div class=\"elementor-post__excerpt\">\n\t\t\t<p>Blogs Deposit online casino 10 play with 50: Best Casinos on<\/p>\n\t\t<\/div>\n\t\t\t\t\t<a class=\"elementor-post__read-more\" href=\"https:\/\/jessiezhourealestate.com\/index.php\/2026\/04\/15\/finest-tested-sites-to-deposit-online-casino-10-play-with-50-have-2026\/\" target=\"_blank\">\n\t\t\t\tRead More \u00bb\t\t\t<\/a>\n\t\t\t\t<\/div>\n\t\t\t\t<\/article>\n\t\t\t\t<article class=\"elementor-post elementor-grid-item post-12361 post type-post status-publish format-standard hentry category-uncategorized\">\n\t\t\t\t<div class=\"elementor-post__text\">\n\t\t\t\t<h1 class=\"elementor-post__title\">\n\t\t\t<a href=\"https:\/\/jessiezhourealestate.com\/index.php\/2026\/04\/15\/discover-greatest-real-cash-internet-tips-in-blackjack-casino-sites-2026\/\" target=\"_blank\">\n\t\t\t\tDiscover Greatest Real cash Internet tips in blackjack casino Sites 2026\t\t\t<\/a>\n\t\t<\/h1>\n\t\t\t\t<div class=\"elementor-post__meta-data\">\n\t\t\t\t\t<span class=\"elementor-post-date\">\n\t\t\tApril 15, 2026\t\t<\/span>\n\t\t\t\t<span class=\"elementor-post-avatar\">\n\t\t\tNo Comments\t\t<\/span>\n\t\t\t\t<\/div>\n\t\t\t\t<div class=\"elementor-post__excerpt\">\n\t\t\t<p>Articles Tips in blackjack &#8211; Bovada Gambling establishment \u2013 Complete Betting<\/p>\n\t\t<\/div>\n\t\t\t\t\t<a class=\"elementor-post__read-more\" href=\"https:\/\/jessiezhourealestate.com\/index.php\/2026\/04\/15\/discover-greatest-real-cash-internet-tips-in-blackjack-casino-sites-2026\/\" target=\"_blank\">\n\t\t\t\tRead More \u00bb\t\t\t<\/a>\n\t\t\t\t<\/div>\n\t\t\t\t<\/article>\n\t\t\t\t<article class=\"elementor-post elementor-grid-item post-12359 post type-post status-publish format-standard hentry category-uncategorized\">\n\t\t\t\t<div class=\"elementor-post__text\">\n\t\t\t\t<h1 class=\"elementor-post__title\">\n\t\t\t<a href=\"https:\/\/jessiezhourealestate.com\/index.php\/2026\/04\/15\/online-pokies-2026-670-100-percent-free-50-lions-slot-pokies-video-game\/\" target=\"_blank\">\n\t\t\t\tOnline Pokies 2026 670+ 100 percent free 50 lions slot Pokies Video game!\t\t\t<\/a>\n\t\t<\/h1>\n\t\t\t\t<div class=\"elementor-post__meta-data\">\n\t\t\t\t\t<span class=\"elementor-post-date\">\n\t\t\tApril 15, 2026\t\t<\/span>\n\t\t\t\t<span class=\"elementor-post-avatar\">\n\t\t\tNo Comments\t\t<\/span>\n\t\t\t\t<\/div>\n\t\t\t\t<div class=\"elementor-post__excerpt\">\n\t\t\t<p>Posts Where to enjoy Big Many modern Microgaming pokies | 50<\/p>\n\t\t<\/div>\n\t\t\t\t\t<a class=\"elementor-post__read-more\" href=\"https:\/\/jessiezhourealestate.com\/index.php\/2026\/04\/15\/online-pokies-2026-670-100-percent-free-50-lions-slot-pokies-video-game\/\" target=\"_blank\">\n\t\t\t\tRead More \u00bb\t\t\t<\/a>\n\t\t\t\t<\/div>\n\t\t\t\t<\/article>\n\t\t\t\t<article class=\"elementor-post elementor-grid-item post-12357 post type-post status-publish format-standard hentry category-uncategorized\">\n\t\t\t\t<div class=\"elementor-post__text\">\n\t\t\t\t<h1 class=\"elementor-post__title\">\n\t\t\t<a href=\"https:\/\/jessiezhourealestate.com\/index.php\/2026\/04\/15\/microgaming-is-best-noted-for-its-list-cracking-progressive-jackpot-pokies-in-addition-to-super-moolah-we-recommend-warning-that-have-extra-purchase-pokies-as-theres-zero-make-sure-the-newe\/\" target=\"_blank\">\n\t\t\t\tMicrogaming is best noted for its list-cracking progressive jackpot pokies, in addition to Super Moolah. We recommend warning that have extra purchase pokies as there\u2019s zero make sure the newest element will pay over the brand new purchase price. Truth be told there aren\u2019t too many team will pay pokies available to choose from, and not of break da bank slot play several websites has dedicated parts. Since most ones pokies have straight down volatility, they supply an exciting expertise in loads of profitable combos.\t\t\t<\/a>\n\t\t<\/h1>\n\t\t\t\t<div class=\"elementor-post__meta-data\">\n\t\t\t\t\t<span class=\"elementor-post-date\">\n\t\t\tApril 15, 2026\t\t<\/span>\n\t\t\t\t<span class=\"elementor-post-avatar\">\n\t\t\tNo Comments\t\t<\/span>\n\t\t\t\t<\/div>\n\t\t\t\t<div class=\"elementor-post__excerpt\">\n\t\t\t<p>\u200e\u200eQuick Strike Slots Online casino games Software Posts Break da bank<\/p>\n\t\t<\/div>\n\t\t\t\t\t<a class=\"elementor-post__read-more\" href=\"https:\/\/jessiezhourealestate.com\/index.php\/2026\/04\/15\/microgaming-is-best-noted-for-its-list-cracking-progressive-jackpot-pokies-in-addition-to-super-moolah-we-recommend-warning-that-have-extra-purchase-pokies-as-theres-zero-make-sure-the-newe\/\" target=\"_blank\">\n\t\t\t\tRead More \u00bb\t\t\t<\/a>\n\t\t\t\t<\/div>\n\t\t\t\t<\/article>\n\t\t\t\t<article class=\"elementor-post elementor-grid-item post-12355 post type-post status-publish format-standard hentry category-public\">\n\t\t\t\t<div class=\"elementor-post__text\">\n\t\t\t\t<h1 class=\"elementor-post__title\">\n\t\t\t<a href=\"https:\/\/jessiezhourealestate.com\/index.php\/2026\/04\/15\/guia-avancado-para-explorar-estrategias-vencedoras\/\" target=\"_blank\">\n\t\t\t\tGuia avan\u00e7ado para explorar estrat\u00e9gias vencedoras em cassinos\t\t\t<\/a>\n\t\t<\/h1>\n\t\t\t\t<div class=\"elementor-post__meta-data\">\n\t\t\t\t\t<span class=\"elementor-post-date\">\n\t\t\tApril 15, 2026\t\t<\/span>\n\t\t\t\t<span class=\"elementor-post-avatar\">\n\t\t\tNo Comments\t\t<\/span>\n\t\t\t\t<\/div>\n\t\t\t\t<div class=\"elementor-post__excerpt\">\n\t\t\t<p>Guia avan\u00e7ado para explorar estrat\u00e9gias vencedoras em cassinos Compreendendo a Matem\u00e1tica<\/p>\n\t\t<\/div>\n\t\t\t\t\t<a class=\"elementor-post__read-more\" href=\"https:\/\/jessiezhourealestate.com\/index.php\/2026\/04\/15\/guia-avancado-para-explorar-estrategias-vencedoras\/\" target=\"_blank\">\n\t\t\t\tRead More \u00bb\t\t\t<\/a>\n\t\t\t\t<\/div>\n\t\t\t\t<\/article>\n\t\t\t\t<\/div>\n\t\t\t\t<nav class=\"elementor-pagination\" role=\"navigation\" aria-label=\"Pagination\">\n\t\t\t<span class=\"page-numbers prev\">&laquo; Previous<\/span>\n<span aria-current=\"page\" class=\"page-numbers current\"><span class=\"elementor-screen-only\">Page<\/span>1<\/span>\n<a class=\"page-numbers\" href=\"https:\/\/jessiezhourealestate.com\/index.php\/wp-json\/wp\/v2\/pages\/6867\/page\/2\/\"><span class=\"elementor-screen-only\">Page<\/span>2<\/a>\n<a class=\"page-numbers\" href=\"https:\/\/jessiezhourealestate.com\/index.php\/wp-json\/wp\/v2\/pages\/6867\/page\/3\/\"><span class=\"elementor-screen-only\">Page<\/span>3<\/a>\n<a class=\"page-numbers\" href=\"https:\/\/jessiezhourealestate.com\/index.php\/wp-json\/wp\/v2\/pages\/6867\/page\/4\/\"><span class=\"elementor-screen-only\">Page<\/span>4<\/a>\n<a class=\"page-numbers\" href=\"https:\/\/jessiezhourealestate.com\/index.php\/wp-json\/wp\/v2\/pages\/6867\/page\/5\/\"><span class=\"elementor-screen-only\">Page<\/span>5<\/a>\n<a class=\"page-numbers next\" href=\"https:\/\/jessiezhourealestate.com\/index.php\/wp-json\/wp\/v2\/pages\/6867\/page\/2\/\">Next &raquo;<\/a>\t\t<\/nav>\n\t\t\t\t\t\t<\/div>\n\t\t\t\t<\/div>\n\t\t\t\t\t<\/div>\n\t\t<\/div>\n\t\t\t\t\t<\/div>\n\t\t<\/section>\n\t\t\t\t<section class=\"elementor-section elementor-top-section elementor-element elementor-element-904f509 elementor-section-full_width elementor-section-height-default elementor-section-height-default\" data-id=\"904f509\" data-element_type=\"section\" data-e-type=\"section\" data-settings=\"{&quot;background_background&quot;:&quot;video&quot;}\">\n\t\t\t\t\t\t<div class=\"elementor-container elementor-column-gap-no\">\n\t\t\t\t\t<div class=\"elementor-column elementor-col-100 elementor-top-column elementor-element elementor-element-98d2d6c\" data-id=\"98d2d6c\" data-element_type=\"column\" data-e-type=\"column\">\n\t\t\t<div class=\"elementor-widget-wrap\">\n\t\t\t\t\t\t\t<\/div>\n\t\t<\/div>\n\t\t\t\t\t<\/div>\n\t\t<\/section>\n\t\t\t\t<\/div>\n\t\t","protected":false},"excerpt":{"rendered":"","protected":false},"author":1,"featured_media":0,"parent":0,"menu_order":0,"comment_status":"closed","ping_status":"closed","template":"elementor_header_footer","meta":{"footnotes":""},"class_list":["post-6867","page","type-page","status-publish","hentry"],"_links":{"self":[{"href":"https:\/\/jessiezhourealestate.com\/index.php\/wp-json\/wp\/v2\/pages\/6867","targetHints":{"allow":["GET"]}}],"collection":[{"href":"https:\/\/jessiezhourealestate.com\/index.php\/wp-json\/wp\/v2\/pages"}],"about":[{"href":"https:\/\/jessiezhourealestate.com\/index.php\/wp-json\/wp\/v2\/types\/page"}],"author":[{"embeddable":true,"href":"https:\/\/jessiezhourealestate.com\/index.php\/wp-json\/wp\/v2\/users\/1"}],"replies":[{"embeddable":true,"href":"https:\/\/jessiezhourealestate.com\/index.php\/wp-json\/wp\/v2\/comments?post=6867"}],"version-history":[{"count":45,"href":"https:\/\/jessiezhourealestate.com\/index.php\/wp-json\/wp\/v2\/pages\/6867\/revisions"}],"predecessor-version":[{"id":6919,"href":"https:\/\/jessiezhourealestate.com\/index.php\/wp-json\/wp\/v2\/pages\/6867\/revisions\/6919"}],"wp:attachment":[{"href":"https:\/\/jessiezhourealestate.com\/index.php\/wp-json\/wp\/v2\/media?parent=6867"}],"curies":[{"name":"wp","href":"https:\/\/api.w.org\/{rel}","templated":true}]}}